{"id":1611,"date":"2020-12-08T01:09:33","date_gmt":"2020-12-08T00:09:33","guid":{"rendered":"http:\/\/ossskranjcevic.edu.ba\/?page_id=1611"},"modified":"2020-12-08T01:09:34","modified_gmt":"2020-12-08T00:09:34","slug":"izjava-roditelja","status":"publish","type":"page","link":"http:\/\/ossskranjcevic.edu.ba\/?page_id=1611","title":{"rendered":"IZJAVA RODITELJA"},"content":{"rendered":"\n<p>Dragi roditelji, <br><br>Na linkovima mo\u017eete preuzeti izjavu za poha\u0111anje online nastave, kao i izjavu za pravdanje \u010dasova u\u010denika.<\/p>\n\n\n\n<div class=\"wp-block-file\"><a href=\"http:\/\/ossskranjcevic.edu.ba\/wp-content\/uploads\/2020\/12\/IZJAVA-RODITELJA-Online-nastava.docx\">IZJAVA-RODITELJA-Online-nastava<\/a><\/div>\n\n\n\n<div class=\"wp-block-file\"><a href=\"http:\/\/ossskranjcevic.edu.ba\/wp-content\/uploads\/2020\/12\/Pravdanje-casova-IZJAVA.docx\">Pravdanje-casova-IZJAVA<\/a><\/div>\n\n\n\n<p><\/p>\n","protected":false},"excerpt":{"rendered":"<p>Dragi roditelji, Na linkovima mo\u017eete preuzeti izjavu za poha\u0111anje online nastave, kao i izjavu za pravdanje \u010dasova u\u010denika.<\/p>\n","protected":false},"author":2,"featured_media":0,"parent":0,"menu_order":0,"comment_status":"closed","ping_status":"closed","template":"","meta":{"footnotes":""},"class_list":["post-1611","page","type-page","status-publish","hentry"],"_links":{"self":[{"href":"http:\/\/ossskranjcevic.edu.ba\/index.php?rest_route=\/wp\/v2\/pages\/1611","targetHints":{"allow":["GET"]}}],"collection":[{"href":"http:\/\/ossskranjcevic.edu.ba\/index.php?rest_route=\/wp\/v2\/pages"}],"about":[{"href":"http:\/\/ossskranjcevic.edu.ba\/index.php?rest_route=\/wp\/v2\/types\/page"}],"author":[{"embeddable":true,"href":"http:\/\/ossskranjcevic.edu.ba\/index.php?rest_route=\/wp\/v2\/users\/2"}],"replies":[{"embeddable":true,"href":"http:\/\/ossskranjcevic.edu.ba\/index.php?rest_route=%2Fwp%2Fv2%2Fcomments&post=1611"}],"version-history":[{"count":1,"href":"http:\/\/ossskranjcevic.edu.ba\/index.php?rest_route=\/wp\/v2\/pages\/1611\/revisions"}],"predecessor-version":[{"id":1615,"href":"http:\/\/ossskranjcevic.edu.ba\/index.php?rest_route=\/wp\/v2\/pages\/1611\/revisions\/1615"}],"wp:attachment":[{"href":"http:\/\/ossskranjcevic.edu.ba\/index.php?rest_route=%2Fwp%2Fv2%2Fmedia&parent=1611"}],"curies":[{"name":"wp","href":"https:\/\/api.w.org\/{rel}","templated":true}]}}