{"id":346,"date":"2019-02-21T21:48:11","date_gmt":"2019-02-21T20:48:11","guid":{"rendered":"http:\/\/ossskranjcevic.edu.ba\/?page_id=346"},"modified":"2024-12-02T13:14:41","modified_gmt":"2024-12-02T12:14:41","slug":"uprava-skole","status":"publish","type":"page","link":"http:\/\/ossskranjcevic.edu.ba\/?page_id=346","title":{"rendered":"UPOSLENICI"},"content":{"rendered":"\n<h2 class=\"wp-block-heading\">UPRAVA \u0160KOLE:<\/h2>\n\n\n\n<p><strong>DIREKTORICA:<\/strong> prof. <strong>Delila Huki\u0107-Tabu\u010di\u0107<\/strong><\/p>\n\n\n\n<p><strong>PEDAGOG:<\/strong> MA <strong><strong>Stani\u0161i\u0107 Svjetlana<\/strong><\/strong> <\/p>\n\n\n\n<p><strong>SEKRETAR:<\/strong> <strong>Sabiha Smaji\u0107<\/strong><\/p>\n\n\n\n<hr class=\"wp-block-separator has-alpha-channel-opacity\"\/>\n\n\n\n<h2 class=\"wp-block-heading\">NASTAVNO OSOBLJE:<br><\/h2>\n\n\n\n<h3 class=\"wp-block-heading\">RAZREDNA NASTAVA:<\/h3>\n\n\n\n<ul class=\"wp-block-list\">\n<li><strong>Emina Durakovi\u0107<\/strong> <\/li>\n\n\n\n<li><strong>Emira Smailbegovi\u0107<\/strong> <\/li>\n\n\n\n<li><strong>Suada Radu\u0161i\u0107<\/strong> <\/li>\n\n\n\n<li><strong>Amra Kuri\u0107<\/strong> <\/li>\n\n\n\n<li><strong>Amina Kurtovi\u0107<\/strong><\/li>\n\n\n\n<li><strong>Sanela Sehili<\/strong><\/li>\n\n\n\n<li><strong>Aida Karup<\/strong><\/li>\n<\/ul>\n\n\n\n<h3 class=\"wp-block-heading\">PREDMETNA NASTAVA:<\/h3>\n\n\n\n<ul class=\"wp-block-list\">\n<li><strong>Amra Fazli\u0107<\/strong>-Bosanski  jezik i&nbsp; knji\u017eevnost, hrvatski  jezik i&nbsp; knji\u017eevnost, srpski jezik i&nbsp; knji\u017eevnost i Gra\u0111ansko obrazovanje <\/li>\n\n\n\n<li><strong>Sanela Drini\u0107<\/strong>-Bosanski  jezik i&nbsp; knji\u017eevnost, hrvatski  jezik i&nbsp; knji\u017eevnost, srpski jezik i&nbsp; knji\u017eevnost <\/li>\n\n\n\n<li><strong>Suada Medo\u0161evi\u0107<\/strong>-Matematika&nbsp;<\/li>\n\n\n\n<li><strong>Arijana Memi\u0107<\/strong>-Matematika <\/li>\n\n\n\n<li><strong>Sanja \u0160im\u010di\u0107<\/strong>-Engleski jezik <\/li>\n\n\n\n<li><strong>Ivana Bajramovi\u0107<\/strong>-Engleski jezik <\/li>\n\n\n\n<li><strong>Ajeta Pali\u0107-<\/strong>Njema\u010dki jezik <\/li>\n\n\n\n<li><strong>Lejla Muhovi\u0107<\/strong>-Fizika <\/li>\n\n\n\n<li><strong>Zerina Dragolj &#8211;<\/strong>Informatika<\/li>\n\n\n\n<li><strong>Aida Kvrgi\u0107 &#8211;<\/strong>Osnove Tehnike&nbsp;<\/li>\n\n\n\n<li><strong>Amela Kukolj-<\/strong>Tehni\u010dka kultura <\/li>\n\n\n\n<li><strong>Mirsada Luka\u010d<\/strong>-Hemija <\/li>\n\n\n\n<li><strong>Suada Musli\u0107<\/strong>-Biologija&nbsp;<\/li>\n\n\n\n<li><strong>D\u017eevad D\u017eafi\u0107-<\/strong>Geografija<\/li>\n\n\n\n<li><strong>Amela Bajri\u0107<\/strong>-Historija<\/li>\n\n\n\n<li><strong>Alma \u0160uman-<\/strong>Muzi\u010dka Kultura<\/li>\n\n\n\n<li><strong>Elvisa Li\u010dina-Hidanovi\u0107-<\/strong>Likovna Kultura i Dru\u0161tvo\/Kultura\/Religija<\/li>\n\n\n\n<li><strong>Maida Gani\u0107<\/strong>-Islamska Vjeronauka <\/li>\n\n\n\n<li><strong>Haris Omeragi\u0107-<\/strong>Tjelesni i zdravstveni odgoj<\/li>\n\n\n\n<li><strong>Nihada Butmir-<\/strong>Zdravi \u017eivotni stilovi <\/li>\n<\/ul>\n\n\n\n<hr class=\"wp-block-separator has-alpha-channel-opacity\"\/>\n\n\n\n<h3 class=\"wp-block-heading\">OSTALI UPOSLENICI:<\/h3>\n\n\n\n<ul class=\"wp-block-list\">\n<li><strong>Nata\u0161a Veljkovi\u0107<\/strong>-Bibliotekar <\/li>\n\n\n\n<li><strong>Amila Kurtali\u0107-<\/strong>Nastavnik u produ\u017eenom boravaku<\/li>\n\n\n\n<li><strong>Ajla Hod\u017ei\u0107<\/strong> &#8211; Nastavnik u produ\u017eenom boravku<\/li>\n\n\n\n<li><strong>Irma Gabr-<\/strong>Administrativno-ra\u010dunovodstveni radnik <\/li>\n\n\n\n<li><strong>Nerma Isovi\u0107<\/strong> &#8211; Psiholog u \u0161koli <\/li>\n\n\n\n<li><strong>\u010celik Saima <\/strong>&#8211; Asistent u nastavi <\/li>\n\n\n\n<li><strong>Dinela Mu\u0161anovi\u0107 &#8211; <\/strong>Asistent u nastavi <\/li>\n\n\n\n<li><strong>D\u017eenita Lakovi\u0107<\/strong> &#8211; Asistent u nastavi<\/li>\n<\/ul>\n\n\n\n<hr class=\"wp-block-separator has-alpha-channel-opacity\"\/>\n\n\n\n<h3 class=\"wp-block-heading\">TEHNI\u010cKO OSOBLJE:<\/h3>\n\n\n\n<ul class=\"wp-block-list\">\n<li><strong>Hidajeta Sara\u010devi\u0107<\/strong> <\/li>\n\n\n\n<li><strong>\u0160aha Pr\u0161e\u0161<\/strong> <\/li>\n\n\n\n<li><strong>Hajra Kari\u0107<\/strong> <\/li>\n\n\n\n<li><strong>Aida \u010celik<\/strong> <\/li>\n\n\n\n<li><strong>Slavko Vijatek<\/strong> <\/li>\n\n\n\n<li><strong>Saud Smaji\u0107<\/strong> <\/li>\n<\/ul>\n","protected":false},"excerpt":{"rendered":"<p>UPRAVA \u0160KOLE: DIREKTORICA: prof. Delila Huki\u0107-Tabu\u010di\u0107 PEDAGOG: MA Stani\u0161i\u0107 Svjetlana SEKRETAR: Sabiha Smaji\u0107 NASTAVNO OSOBLJE: RAZREDNA NASTAVA: PREDMETNA NASTAVA: OSTALI UPOSLENICI: TEHNI\u010cKO OSOBLJE:<\/p>\n","protected":false},"author":2,"featured_media":0,"parent":0,"menu_order":0,"comment_status":"closed","ping_status":"closed","template":"","meta":{"footnotes":""},"class_list":["post-346","page","type-page","status-publish","hentry"],"_links":{"self":[{"href":"http:\/\/ossskranjcevic.edu.ba\/index.php?rest_route=\/wp\/v2\/pages\/346","targetHints":{"allow":["GET"]}}],"collection":[{"href":"http:\/\/ossskranjcevic.edu.ba\/index.php?rest_route=\/wp\/v2\/pages"}],"about":[{"href":"http:\/\/ossskranjcevic.edu.ba\/index.php?rest_route=\/wp\/v2\/types\/page"}],"author":[{"embeddable":true,"href":"http:\/\/ossskranjcevic.edu.ba\/index.php?rest_route=\/wp\/v2\/users\/2"}],"replies":[{"embeddable":true,"href":"http:\/\/ossskranjcevic.edu.ba\/index.php?rest_route=%2Fwp%2Fv2%2Fcomments&post=346"}],"version-history":[{"count":25,"href":"http:\/\/ossskranjcevic.edu.ba\/index.php?rest_route=\/wp\/v2\/pages\/346\/revisions"}],"predecessor-version":[{"id":5555,"href":"http:\/\/ossskranjcevic.edu.ba\/index.php?rest_route=\/wp\/v2\/pages\/346\/revisions\/5555"}],"wp:attachment":[{"href":"http:\/\/ossskranjcevic.edu.ba\/index.php?rest_route=%2Fwp%2Fv2%2Fmedia&parent=346"}],"curies":[{"name":"wp","href":"https:\/\/api.w.org\/{rel}","templated":true}]}}