{"id":385,"date":"2019-02-21T23:39:14","date_gmt":"2019-02-21T22:39:14","guid":{"rendered":"http:\/\/ossskranjcevic.edu.ba\/?page_id=385"},"modified":"2019-02-21T23:51:19","modified_gmt":"2019-02-21T22:51:19","slug":"izvjestaji","status":"publish","type":"page","link":"http:\/\/ossskranjcevic.edu.ba\/?page_id=385","title":{"rendered":"IZVJE\u0160TAJI"},"content":{"rendered":"\n<p>\n\nUposlenici i u\u010denici na\u0161e \u0161kole vrijedno su radili u prvom polugodi\u0161tu, te imali mnoge aktivnosti koje mo\u017eete pro\u010ditati u izvje\u0161taju.\n\n<\/p>\n\n\n\n<div class=\"wp-block-file\"><a href=\"http:\/\/ossskranjcevic.edu.ba\/wp-content\/uploads\/2019\/02\/Izvje\u0161taj-za-I-polugod.-2018-19.pdf\">IZVJE\u0160TAJ<\/a><\/div>\n\n\n\n<p><\/p>\n","protected":false},"excerpt":{"rendered":"<p>Uposlenici i u\u010denici na\u0161e \u0161kole vrijedno su radili u prvom polugodi\u0161tu, te imali mnoge aktivnosti koje mo\u017eete pro\u010ditati u izvje\u0161taju.<\/p>\n","protected":false},"author":2,"featured_media":0,"parent":0,"menu_order":0,"comment_status":"closed","ping_status":"closed","template":"","meta":{"footnotes":""},"class_list":["post-385","page","type-page","status-publish","hentry"],"_links":{"self":[{"href":"http:\/\/ossskranjcevic.edu.ba\/index.php?rest_route=\/wp\/v2\/pages\/385","targetHints":{"allow":["GET"]}}],"collection":[{"href":"http:\/\/ossskranjcevic.edu.ba\/index.php?rest_route=\/wp\/v2\/pages"}],"about":[{"href":"http:\/\/ossskranjcevic.edu.ba\/index.php?rest_route=\/wp\/v2\/types\/page"}],"author":[{"embeddable":true,"href":"http:\/\/ossskranjcevic.edu.ba\/index.php?rest_route=\/wp\/v2\/users\/2"}],"replies":[{"embeddable":true,"href":"http:\/\/ossskranjcevic.edu.ba\/index.php?rest_route=%2Fwp%2Fv2%2Fcomments&post=385"}],"version-history":[{"count":3,"href":"http:\/\/ossskranjcevic.edu.ba\/index.php?rest_route=\/wp\/v2\/pages\/385\/revisions"}],"predecessor-version":[{"id":395,"href":"http:\/\/ossskranjcevic.edu.ba\/index.php?rest_route=\/wp\/v2\/pages\/385\/revisions\/395"}],"wp:attachment":[{"href":"http:\/\/ossskranjcevic.edu.ba\/index.php?rest_route=%2Fwp%2Fv2%2Fmedia&parent=385"}],"curies":[{"name":"wp","href":"https:\/\/api.w.org\/{rel}","templated":true}]}}