{"id":67,"date":"2018-12-05T18:24:06","date_gmt":"2018-12-05T18:24:06","guid":{"rendered":"http:\/\/ossskranjcevic.edu.ba\/?page_id=67"},"modified":"2024-12-02T12:18:06","modified_gmt":"2024-12-02T11:18:06","slug":"vijece-ucenika","status":"publish","type":"page","link":"http:\/\/ossskranjcevic.edu.ba\/?page_id=67","title":{"rendered":"Vije\u0107e u\u010denika"},"content":{"rendered":"\n<p>Dragi u\u010denici,<\/p>\n\n\n\n<p>U prilogu se nalazi spisak \u010dlanova Vije\u0107a u\u010denika.<\/p>\n\n\n\n<figure class=\"wp-block-image size-large\"><img loading=\"lazy\" decoding=\"async\" width=\"1024\" height=\"1015\" src=\"http:\/\/ossskranjcevic.edu.ba\/wp-content\/uploads\/2024\/12\/1000011800-1024x1015.jpg\" alt=\"\" class=\"wp-image-5543\" srcset=\"http:\/\/ossskranjcevic.edu.ba\/wp-content\/uploads\/2024\/12\/1000011800-1024x1015.jpg 1024w, http:\/\/ossskranjcevic.edu.ba\/wp-content\/uploads\/2024\/12\/1000011800-300x297.jpg 300w, http:\/\/ossskranjcevic.edu.ba\/wp-content\/uploads\/2024\/12\/1000011800-150x150.jpg 150w, http:\/\/ossskranjcevic.edu.ba\/wp-content\/uploads\/2024\/12\/1000011800-768x761.jpg 768w, http:\/\/ossskranjcevic.edu.ba\/wp-content\/uploads\/2024\/12\/1000011800-1536x1522.jpg 1536w, http:\/\/ossskranjcevic.edu.ba\/wp-content\/uploads\/2024\/12\/1000011800-2048x2029.jpg 2048w, http:\/\/ossskranjcevic.edu.ba\/wp-content\/uploads\/2024\/12\/1000011800-186x185.jpg 186w, http:\/\/ossskranjcevic.edu.ba\/wp-content\/uploads\/2024\/12\/1000011800-60x60.jpg 60w\" sizes=\"auto, (max-width: 1024px) 100vw, 1024px\" \/><\/figure>\n\n\n\n<div class=\"wp-block-file\"><a id=\"wp-block-file--media-82b245c6-01b2-472e-b6df-3c812492f14d\" href=\"http:\/\/ossskranjcevic.edu.ba\/wp-content\/uploads\/2024\/12\/SSK_vijece-ucenika.docx\">SSK_vije\u0107e u\u010denika<\/a><a href=\"http:\/\/ossskranjcevic.edu.ba\/wp-content\/uploads\/2024\/12\/SSK_vijece-ucenika.docx\" class=\"wp-block-file__button wp-element-button\" download aria-describedby=\"wp-block-file--media-82b245c6-01b2-472e-b6df-3c812492f14d\">Download<\/a><\/div>\n","protected":false},"excerpt":{"rendered":"<p>Dragi u\u010denici, U prilogu se nalazi spisak \u010dlanova Vije\u0107a u\u010denika.<\/p>\n","protected":false},"author":2,"featured_media":0,"parent":0,"menu_order":0,"comment_status":"closed","ping_status":"closed","template":"","meta":{"footnotes":""},"class_list":["post-67","page","type-page","status-publish","hentry"],"_links":{"self":[{"href":"http:\/\/ossskranjcevic.edu.ba\/index.php?rest_route=\/wp\/v2\/pages\/67","targetHints":{"allow":["GET"]}}],"collection":[{"href":"http:\/\/ossskranjcevic.edu.ba\/index.php?rest_route=\/wp\/v2\/pages"}],"about":[{"href":"http:\/\/ossskranjcevic.edu.ba\/index.php?rest_route=\/wp\/v2\/types\/page"}],"author":[{"embeddable":true,"href":"http:\/\/ossskranjcevic.edu.ba\/index.php?rest_route=\/wp\/v2\/users\/2"}],"replies":[{"embeddable":true,"href":"http:\/\/ossskranjcevic.edu.ba\/index.php?rest_route=%2Fwp%2Fv2%2Fcomments&post=67"}],"version-history":[{"count":8,"href":"http:\/\/ossskranjcevic.edu.ba\/index.php?rest_route=\/wp\/v2\/pages\/67\/revisions"}],"predecessor-version":[{"id":5546,"href":"http:\/\/ossskranjcevic.edu.ba\/index.php?rest_route=\/wp\/v2\/pages\/67\/revisions\/5546"}],"wp:attachment":[{"href":"http:\/\/ossskranjcevic.edu.ba\/index.php?rest_route=%2Fwp%2Fv2%2Fmedia&parent=67"}],"curies":[{"name":"wp","href":"https:\/\/api.w.org\/{rel}","templated":true}]}}