{"id":1366,"date":"2026-02-02T13:06:09","date_gmt":"2026-02-02T12:06:09","guid":{"rendered":"http:\/\/ossskranjcevic.edu.ba\/?page_id=1366"},"modified":"2026-02-27T11:56:05","modified_gmt":"2026-02-27T10:56:05","slug":"oglas-vanredni-avgustovski-upisni-roko-upisu-djece-u-prvi-razred-osnovne-skoleza-skolsku-2020-2021-godinu","status":"publish","type":"page","link":"https:\/\/ossskranjcevic.edu.ba\/","title":{"rendered":"Obavje\u0161tenja"},"content":{"rendered":"\n<hr class=\"wp-block-separator has-alpha-channel-opacity\"\/>\n\n\n\n<figure class=\"wp-block-image size-large\"><img loading=\"lazy\" decoding=\"async\" width=\"709\" height=\"1024\" src=\"http:\/\/ossskranjcevic.edu.ba\/wp-content\/uploads\/2026\/02\/8418-709x1024.png\" alt=\"\" class=\"wp-image-6010\" srcset=\"https:\/\/ossskranjcevic.edu.ba\/wp-content\/uploads\/2026\/02\/8418-709x1024.png 709w, https:\/\/ossskranjcevic.edu.ba\/wp-content\/uploads\/2026\/02\/8418-208x300.png 208w, https:\/\/ossskranjcevic.edu.ba\/wp-content\/uploads\/2026\/02\/8418-768x1109.png 768w, https:\/\/ossskranjcevic.edu.ba\/wp-content\/uploads\/2026\/02\/8418.png 822w\" sizes=\"auto, (max-width: 709px) 100vw, 709px\" \/><\/figure>\n\n\n\n<hr class=\"wp-block-separator has-alpha-channel-opacity\"\/>\n\n\n\n<p class=\"has-text-align-center has-text-color has-link-color has-large-font-size wp-elements-7c105a200e2c57992ef143ba167b0a6b\" style=\"color:#d60808\"><strong>POZIV<\/strong><\/p>\n\n\n\n<p class=\"has-text-align-center has-medium-font-size\"><strong>ZA UPIS DJECE U PRVI RAZRED OSNOVNE \u0160KOLE ZA \u0160KOLSKU 2026\/2027. GODINU<\/strong><\/p>\n\n\n\n<div class=\"wp-block-file aligncenter\"><a id=\"wp-block-file--media-c6f04ba2-2b65-4e7c-b589-ec585f50675e\" href=\"http:\/\/ossskranjcevic.edu.ba\/wp-content\/uploads\/2026\/02\/Poziv-za-upis-ucenika-u-1.-razred-1.pdf\">Poziv za upis u\u010denika u 1. razred<\/a><a href=\"http:\/\/ossskranjcevic.edu.ba\/wp-content\/uploads\/2026\/02\/Poziv-za-upis-ucenika-u-1.-razred-1.pdf\" class=\"wp-block-file__button wp-element-button\" download aria-describedby=\"wp-block-file--media-c6f04ba2-2b65-4e7c-b589-ec585f50675e\">Download<\/a><\/div>\n\n\n\n<div class=\"wp-block-file aligncenter\"><a id=\"wp-block-file--media-03ae5e39-c908-4b54-a41e-53e0316f9a72\" href=\"http:\/\/ossskranjcevic.edu.ba\/wp-content\/uploads\/2026\/02\/Poziv-narativni-dio-1.docx\">Poziv, narativni dio<\/a><a href=\"http:\/\/ossskranjcevic.edu.ba\/wp-content\/uploads\/2026\/02\/Poziv-narativni-dio-1.docx\" class=\"wp-block-file__button wp-element-button\" download aria-describedby=\"wp-block-file--media-03ae5e39-c908-4b54-a41e-53e0316f9a72\">Download<\/a><\/div>\n\n\n\n<hr class=\"wp-block-separator has-alpha-channel-opacity\"\/>\n\n\n\n<figure class=\"wp-block-image size-large\"><img loading=\"lazy\" decoding=\"async\" width=\"1024\" height=\"1024\" src=\"http:\/\/ossskranjcevic.edu.ba\/wp-content\/uploads\/2026\/01\/6226-1024x1024.jpg\" alt=\"\" class=\"wp-image-5942\" srcset=\"https:\/\/ossskranjcevic.edu.ba\/wp-content\/uploads\/2026\/01\/6226-1024x1024.jpg 1024w, https:\/\/ossskranjcevic.edu.ba\/wp-content\/uploads\/2026\/01\/6226-300x300.jpg 300w, https:\/\/ossskranjcevic.edu.ba\/wp-content\/uploads\/2026\/01\/6226-150x150.jpg 150w, https:\/\/ossskranjcevic.edu.ba\/wp-content\/uploads\/2026\/01\/6226-768x768.jpg 768w, https:\/\/ossskranjcevic.edu.ba\/wp-content\/uploads\/2026\/01\/6226-186x185.jpg 186w, https:\/\/ossskranjcevic.edu.ba\/wp-content\/uploads\/2026\/01\/6226-220x220.jpg 220w, https:\/\/ossskranjcevic.edu.ba\/wp-content\/uploads\/2026\/01\/6226-60x60.jpg 60w, https:\/\/ossskranjcevic.edu.ba\/wp-content\/uploads\/2026\/01\/6226.jpg 1080w\" sizes=\"auto, (max-width: 1024px) 100vw, 1024px\" \/><\/figure>\n\n\n\n<hr class=\"wp-block-separator has-alpha-channel-opacity\"\/>\n\n\n\n<figure class=\"wp-block-image size-large\"><img loading=\"lazy\" decoding=\"async\" width=\"726\" height=\"1024\" src=\"http:\/\/ossskranjcevic.edu.ba\/wp-content\/uploads\/2025\/08\/1000037975-726x1024.jpg\" alt=\"\" class=\"wp-image-5799\" srcset=\"https:\/\/ossskranjcevic.edu.ba\/wp-content\/uploads\/2025\/08\/1000037975-726x1024.jpg 726w, https:\/\/ossskranjcevic.edu.ba\/wp-content\/uploads\/2025\/08\/1000037975-213x300.jpg 213w, https:\/\/ossskranjcevic.edu.ba\/wp-content\/uploads\/2025\/08\/1000037975-768x1083.jpg 768w, https:\/\/ossskranjcevic.edu.ba\/wp-content\/uploads\/2025\/08\/1000037975.jpg 981w\" sizes=\"auto, (max-width: 726px) 100vw, 726px\" \/><\/figure>\n\n\n\n<hr class=\"wp-block-separator has-alpha-channel-opacity\"\/>\n\n\n\n<figure class=\"wp-block-image size-large\"><img loading=\"lazy\" decoding=\"async\" width=\"731\" height=\"1024\" src=\"http:\/\/ossskranjcevic.edu.ba\/wp-content\/uploads\/2025\/08\/1000037961-731x1024.jpg\" alt=\"\" class=\"wp-image-5793\" srcset=\"https:\/\/ossskranjcevic.edu.ba\/wp-content\/uploads\/2025\/08\/1000037961-731x1024.jpg 731w, https:\/\/ossskranjcevic.edu.ba\/wp-content\/uploads\/2025\/08\/1000037961-214x300.jpg 214w, https:\/\/ossskranjcevic.edu.ba\/wp-content\/uploads\/2025\/08\/1000037961-768x1076.jpg 768w, https:\/\/ossskranjcevic.edu.ba\/wp-content\/uploads\/2025\/08\/1000037961.jpg 1046w\" sizes=\"auto, (max-width: 731px) 100vw, 731px\" \/><\/figure>\n\n\n\n<hr class=\"wp-block-separator has-alpha-channel-opacity\"\/>\n\n\n\n<figure class=\"wp-block-image size-large\"><img loading=\"lazy\" decoding=\"async\" width=\"724\" height=\"1024\" src=\"http:\/\/ossskranjcevic.edu.ba\/wp-content\/uploads\/2025\/05\/1000022889-724x1024.png\" alt=\"\" class=\"wp-image-5726\" srcset=\"https:\/\/ossskranjcevic.edu.ba\/wp-content\/uploads\/2025\/05\/1000022889-724x1024.png 724w, https:\/\/ossskranjcevic.edu.ba\/wp-content\/uploads\/2025\/05\/1000022889-212x300.png 212w, https:\/\/ossskranjcevic.edu.ba\/wp-content\/uploads\/2025\/05\/1000022889-768x1086.png 768w, https:\/\/ossskranjcevic.edu.ba\/wp-content\/uploads\/2025\/05\/1000022889-1086x1536.png 1086w, https:\/\/ossskranjcevic.edu.ba\/wp-content\/uploads\/2025\/05\/1000022889-1448x2048.png 1448w, https:\/\/ossskranjcevic.edu.ba\/wp-content\/uploads\/2025\/05\/1000022889.png 1587w\" sizes=\"auto, (max-width: 724px) 100vw, 724px\" \/><\/figure>\n\n\n\n<hr class=\"wp-block-separator has-alpha-channel-opacity\"\/>\n\n\n\n<figure class=\"wp-block-image size-full is-resized\"><img loading=\"lazy\" decoding=\"async\" width=\"768\" height=\"439\" src=\"http:\/\/ossskranjcevic.edu.ba\/wp-content\/uploads\/2025\/04\/sufin-eks.jpg\" alt=\"\" class=\"wp-image-5715\" style=\"width:840px;height:auto\" srcset=\"https:\/\/ossskranjcevic.edu.ba\/wp-content\/uploads\/2025\/04\/sufin-eks.jpg 768w, https:\/\/ossskranjcevic.edu.ba\/wp-content\/uploads\/2025\/04\/sufin-eks-300x171.jpg 300w\" sizes=\"auto, (max-width: 768px) 100vw, 768px\" \/><\/figure>\n\n\n\n<p class=\"has-small-font-size\"><em>Detaljnije na: <a href=\"http:\/\/ossskranjcevic.edu.ba\/?page_id=59\">http:\/\/ossskranjcevic.edu.ba\/?page_id=59<\/a><\/em><\/p>\n\n\n\n<hr class=\"wp-block-separator has-alpha-channel-opacity\"\/>\n\n\n\n<figure class=\"wp-block-image size-full\"><img loading=\"lazy\" decoding=\"async\" width=\"828\" height=\"834\" src=\"http:\/\/ossskranjcevic.edu.ba\/wp-content\/uploads\/2025\/03\/1000017651.jpg\" alt=\"\" class=\"wp-image-5667\" srcset=\"https:\/\/ossskranjcevic.edu.ba\/wp-content\/uploads\/2025\/03\/1000017651.jpg 828w, https:\/\/ossskranjcevic.edu.ba\/wp-content\/uploads\/2025\/03\/1000017651-298x300.jpg 298w, https:\/\/ossskranjcevic.edu.ba\/wp-content\/uploads\/2025\/03\/1000017651-150x150.jpg 150w, https:\/\/ossskranjcevic.edu.ba\/wp-content\/uploads\/2025\/03\/1000017651-768x774.jpg 768w, https:\/\/ossskranjcevic.edu.ba\/wp-content\/uploads\/2025\/03\/1000017651-60x60.jpg 60w\" sizes=\"auto, (max-width: 828px) 100vw, 828px\" \/><\/figure>\n\n\n\n<hr class=\"wp-block-separator has-alpha-channel-opacity\"\/>\n\n\n\n<figure class=\"wp-block-gallery has-nested-images columns-default is-cropped wp-block-gallery-1 is-layout-flex wp-block-gallery-is-layout-flex\">\n<figure class=\"wp-block-image size-large\"><img loading=\"lazy\" decoding=\"async\" width=\"1024\" height=\"862\" data-id=\"5639\" src=\"http:\/\/ossskranjcevic.edu.ba\/wp-content\/uploads\/2025\/03\/1000017203-1024x862.jpg\" alt=\"\" class=\"wp-image-5639\" srcset=\"https:\/\/ossskranjcevic.edu.ba\/wp-content\/uploads\/2025\/03\/1000017203-1024x862.jpg 1024w, https:\/\/ossskranjcevic.edu.ba\/wp-content\/uploads\/2025\/03\/1000017203-300x252.jpg 300w, https:\/\/ossskranjcevic.edu.ba\/wp-content\/uploads\/2025\/03\/1000017203-768x646.jpg 768w, https:\/\/ossskranjcevic.edu.ba\/wp-content\/uploads\/2025\/03\/1000017203-1536x1293.jpg 1536w, https:\/\/ossskranjcevic.edu.ba\/wp-content\/uploads\/2025\/03\/1000017203-2048x1723.jpg 2048w\" sizes=\"auto, (max-width: 1024px) 100vw, 1024px\" \/><\/figure>\n<\/figure>\n\n\n\n<hr class=\"wp-block-separator has-alpha-channel-opacity\"\/>\n\n\n\n<figure class=\"wp-block-image size-large\"><img loading=\"lazy\" decoding=\"async\" width=\"732\" height=\"1024\" src=\"http:\/\/ossskranjcevic.edu.ba\/wp-content\/uploads\/2025\/02\/1000016599-732x1024.png\" alt=\"\" class=\"wp-image-5637\" srcset=\"https:\/\/ossskranjcevic.edu.ba\/wp-content\/uploads\/2025\/02\/1000016599-732x1024.png 732w, https:\/\/ossskranjcevic.edu.ba\/wp-content\/uploads\/2025\/02\/1000016599-214x300.png 214w, https:\/\/ossskranjcevic.edu.ba\/wp-content\/uploads\/2025\/02\/1000016599-768x1075.png 768w, https:\/\/ossskranjcevic.edu.ba\/wp-content\/uploads\/2025\/02\/1000016599.png 986w\" sizes=\"auto, (max-width: 732px) 100vw, 732px\" \/><\/figure>\n\n\n\n<hr class=\"wp-block-separator has-alpha-channel-opacity\"\/>\n\n\n\n<p class=\"has-text-align-center has-vivid-red-color has-text-color has-link-color has-large-font-size wp-elements-d96ec311f200ca868f494baf10e653f5\"><strong>POZIV<\/strong><\/p>\n\n\n\n<p class=\"has-text-align-center\"><strong>ZA UPIS DJECE U PRVI RAZRED OSNOVNE \u0160KOLE ZA \u0160KOLSKU 2025\/2026. GODINU<\/strong><\/p>\n\n\n\n<div class=\"wp-block-file aligncenter\"><a id=\"wp-block-file--media-9be91ae3-69c5-4477-8eba-7e3d12db4a53\" href=\"http:\/\/ossskranjcevic.edu.ba\/wp-content\/uploads\/2025\/01\/poziv-za-upis-djece-u-prvi-razred-1.pdf\">poziv za upis djece u prvi razred<\/a><a href=\"http:\/\/ossskranjcevic.edu.ba\/wp-content\/uploads\/2025\/01\/poziv-za-upis-djece-u-prvi-razred-1.pdf\" class=\"wp-block-file__button wp-element-button\" download aria-describedby=\"wp-block-file--media-9be91ae3-69c5-4477-8eba-7e3d12db4a53\">Download<\/a><\/div>\n\n\n\n<hr class=\"wp-block-separator has-alpha-channel-opacity\"\/>\n\n\n\n<figure class=\"wp-block-image size-large\"><img loading=\"lazy\" decoding=\"async\" width=\"743\" height=\"1024\" src=\"http:\/\/ossskranjcevic.edu.ba\/wp-content\/uploads\/2024\/11\/1000011375-743x1024.png\" alt=\"\" class=\"wp-image-5527\" srcset=\"https:\/\/ossskranjcevic.edu.ba\/wp-content\/uploads\/2024\/11\/1000011375-743x1024.png 743w, https:\/\/ossskranjcevic.edu.ba\/wp-content\/uploads\/2024\/11\/1000011375-218x300.png 218w, https:\/\/ossskranjcevic.edu.ba\/wp-content\/uploads\/2024\/11\/1000011375-768x1058.png 768w, https:\/\/ossskranjcevic.edu.ba\/wp-content\/uploads\/2024\/11\/1000011375.png 1000w\" sizes=\"auto, (max-width: 743px) 100vw, 743px\" \/><\/figure>\n\n\n\n<hr class=\"wp-block-separator has-alpha-channel-opacity\"\/>\n\n\n\n<figure class=\"wp-block-image size-large\"><img loading=\"lazy\" decoding=\"async\" width=\"1024\" height=\"724\" src=\"http:\/\/ossskranjcevic.edu.ba\/wp-content\/uploads\/2024\/11\/1000010280-1024x724.png\" alt=\"\" class=\"wp-image-5524\" srcset=\"https:\/\/ossskranjcevic.edu.ba\/wp-content\/uploads\/2024\/11\/1000010280-1024x724.png 1024w, https:\/\/ossskranjcevic.edu.ba\/wp-content\/uploads\/2024\/11\/1000010280-300x212.png 300w, https:\/\/ossskranjcevic.edu.ba\/wp-content\/uploads\/2024\/11\/1000010280-768x543.png 768w, https:\/\/ossskranjcevic.edu.ba\/wp-content\/uploads\/2024\/11\/1000010280.png 1398w\" sizes=\"auto, (max-width: 1024px) 100vw, 1024px\" \/><\/figure>\n\n\n\n<hr class=\"wp-block-separator has-alpha-channel-opacity\"\/>\n\n\n\n<figure class=\"wp-block-image size-full\"><img loading=\"lazy\" decoding=\"async\" width=\"828\" height=\"848\" src=\"http:\/\/ossskranjcevic.edu.ba\/wp-content\/uploads\/2024\/11\/1000010295-1.jpg\" alt=\"\" class=\"wp-image-5522\" srcset=\"https:\/\/ossskranjcevic.edu.ba\/wp-content\/uploads\/2024\/11\/1000010295-1.jpg 828w, https:\/\/ossskranjcevic.edu.ba\/wp-content\/uploads\/2024\/11\/1000010295-1-293x300.jpg 293w, https:\/\/ossskranjcevic.edu.ba\/wp-content\/uploads\/2024\/11\/1000010295-1-768x787.jpg 768w, https:\/\/ossskranjcevic.edu.ba\/wp-content\/uploads\/2024\/11\/1000010295-1-60x60.jpg 60w\" sizes=\"auto, (max-width: 828px) 100vw, 828px\" \/><\/figure>\n\n\n\n<hr class=\"wp-block-separator has-alpha-channel-opacity\"\/>\n\n\n\n<figure class=\"wp-block-image size-full\"><img loading=\"lazy\" decoding=\"async\" width=\"1024\" height=\"614\" src=\"http:\/\/ossskranjcevic.edu.ba\/wp-content\/uploads\/2024\/10\/ONLINE.jpg\" alt=\"\" class=\"wp-image-5482\" srcset=\"https:\/\/ossskranjcevic.edu.ba\/wp-content\/uploads\/2024\/10\/ONLINE.jpg 1024w, https:\/\/ossskranjcevic.edu.ba\/wp-content\/uploads\/2024\/10\/ONLINE-300x180.jpg 300w, https:\/\/ossskranjcevic.edu.ba\/wp-content\/uploads\/2024\/10\/ONLINE-768x461.jpg 768w\" sizes=\"auto, (max-width: 1024px) 100vw, 1024px\" \/><\/figure>\n\n\n\n<hr class=\"wp-block-separator has-alpha-channel-opacity\"\/>\n\n\n<div class=\"wp-block-image\">\n<figure class=\"aligncenter size-large\"><img loading=\"lazy\" decoding=\"async\" width=\"1024\" height=\"512\" src=\"http:\/\/ossskranjcevic.edu.ba\/wp-content\/uploads\/2024\/08\/POZivnica-5-1024x512.png\" alt=\"\" class=\"wp-image-5300\" srcset=\"https:\/\/ossskranjcevic.edu.ba\/wp-content\/uploads\/2024\/08\/POZivnica-5-1024x512.png 1024w, https:\/\/ossskranjcevic.edu.ba\/wp-content\/uploads\/2024\/08\/POZivnica-5-300x150.png 300w, https:\/\/ossskranjcevic.edu.ba\/wp-content\/uploads\/2024\/08\/POZivnica-5-768x384.png 768w, https:\/\/ossskranjcevic.edu.ba\/wp-content\/uploads\/2024\/08\/POZivnica-5-1536x768.png 1536w, https:\/\/ossskranjcevic.edu.ba\/wp-content\/uploads\/2024\/08\/POZivnica-5.png 2000w\" sizes=\"auto, (max-width: 1024px) 100vw, 1024px\" \/><\/figure>\n<\/div>\n\n\n<hr class=\"wp-block-separator has-alpha-channel-opacity\"\/>\n\n\n<div class=\"wp-block-image\">\n<figure class=\"aligncenter size-full\"><img loading=\"lazy\" decoding=\"async\" width=\"815\" height=\"683\" src=\"http:\/\/ossskranjcevic.edu.ba\/wp-content\/uploads\/2024\/08\/Pozivnica-3.png\" alt=\"\" class=\"wp-image-5286\" srcset=\"https:\/\/ossskranjcevic.edu.ba\/wp-content\/uploads\/2024\/08\/Pozivnica-3.png 815w, https:\/\/ossskranjcevic.edu.ba\/wp-content\/uploads\/2024\/08\/Pozivnica-3-300x251.png 300w, https:\/\/ossskranjcevic.edu.ba\/wp-content\/uploads\/2024\/08\/Pozivnica-3-768x644.png 768w\" sizes=\"auto, (max-width: 815px) 100vw, 815px\" \/><\/figure>\n<\/div>\n\n\n<hr class=\"wp-block-separator has-alpha-channel-opacity\"\/>\n\n\n\n<p class=\"has-text-align-center has-large-font-size\"><strong>POZIV<\/strong><\/p>\n\n\n\n<p class=\"has-text-align-center\"><strong>ZA UPIS DJECE U PRVI RAZRED OSNOVNE \u0160KOLE ZA \u0160KOLSKU 2024\/2025. GODINU<\/strong><\/p>\n\n\n\n<div class=\"wp-block-file aligncenter\"><a id=\"wp-block-file--media-239b8d71-0c16-4a05-84fd-fcc8173621b8\" href=\"http:\/\/ossskranjcevic.edu.ba\/wp-content\/uploads\/2024\/03\/Poziv-za-upis-djece-u-I-razred-osnovne-skole-1.pdf\">Poziv-za-upis-djece-u-I-razred-osnovne-skole-1<\/a><a href=\"http:\/\/ossskranjcevic.edu.ba\/wp-content\/uploads\/2024\/03\/Poziv-za-upis-djece-u-I-razred-osnovne-skole-1.pdf\" class=\"wp-block-file__button wp-element-button\" download aria-describedby=\"wp-block-file--media-239b8d71-0c16-4a05-84fd-fcc8173621b8\">Download<\/a><\/div>\n\n\n\n<hr class=\"wp-block-separator has-alpha-channel-opacity\"\/>\n\n\n\n<p><strong>\u0160kolsko podru\u010dje Javne ustanove Osnovna \u0161kola \u201eSilvije Strahimir Kranj\u010devi\u0107\u201c Sarajevo &nbsp;obuhvata sljede\u0107e ulice:<\/strong><\/p>\n\n\n\n<p>Armaganu\u0161a, Buka, Dola, Kevrin potok, Kova\u010deva, Ludviga Kube, Mejta\u0161, Tina Ujevi\u0107a , Abdi\u0107a , Bulbulina, Curak,&nbsp; D\u017eemila Krvavca,&nbsp; Had\u017eihajdareva,&nbsp; Had\u017eisulejmanova,&nbsp; Ivana Cankara,&nbsp; Mehmed &#8211; pa\u0161e Sokolovi\u0107a,&nbsp; Nikole Ka\u0161ikovi\u0107a,&nbsp; Pehlivanu\u0161a,&nbsp; Sara\u010d Ismailova, Sepetarevac,&nbsp; Tijesna,&nbsp; Dalmatinska,&nbsp; Kaptol , Mehmeda Spahe,&nbsp; \u010cekalu\u0161a od broja 1 do broja 27 i od broja 2 do broja 38.<\/p>\n\n\n\n<p>Email adresa \u0161kole je: osssk@bih.net.ba.<\/p>\n\n\n\n<hr class=\"wp-block-separator has-alpha-channel-opacity\"\/>\n\n\n\n<h4 class=\"wp-block-heading has-text-align-center\" id=\"savjeti-ucenicima-u-novoj-skolskoj-godini\">Savjeti u\u010denicima u novoj \u0161kolskoj godini!<\/h4>\n\n\n<div class=\"wp-block-image\">\n<figure class=\"aligncenter size-large\"><img loading=\"lazy\" decoding=\"async\" width=\"1024\" height=\"724\" src=\"http:\/\/ossskranjcevic.edu.ba\/wp-content\/uploads\/2021\/09\/1-1-1024x724.png\" alt=\"\" class=\"wp-image-1846\" srcset=\"https:\/\/ossskranjcevic.edu.ba\/wp-content\/uploads\/2021\/09\/1-1-1024x724.png 1024w, https:\/\/ossskranjcevic.edu.ba\/wp-content\/uploads\/2021\/09\/1-1-300x212.png 300w, https:\/\/ossskranjcevic.edu.ba\/wp-content\/uploads\/2021\/09\/1-1-768x543.png 768w, https:\/\/ossskranjcevic.edu.ba\/wp-content\/uploads\/2021\/09\/1-1-1536x1086.png 1536w, https:\/\/ossskranjcevic.edu.ba\/wp-content\/uploads\/2021\/09\/1-1.png 2000w\" sizes=\"auto, (max-width: 1024px) 100vw, 1024px\" \/><\/figure>\n<\/div>\n\n<div class=\"wp-block-image\">\n<figure class=\"aligncenter size-large\"><img loading=\"lazy\" decoding=\"async\" width=\"1024\" height=\"724\" src=\"http:\/\/ossskranjcevic.edu.ba\/wp-content\/uploads\/2021\/09\/3-1-1024x724.png\" alt=\"\" class=\"wp-image-1850\" srcset=\"https:\/\/ossskranjcevic.edu.ba\/wp-content\/uploads\/2021\/09\/3-1-1024x724.png 1024w, https:\/\/ossskranjcevic.edu.ba\/wp-content\/uploads\/2021\/09\/3-1-300x212.png 300w, https:\/\/ossskranjcevic.edu.ba\/wp-content\/uploads\/2021\/09\/3-1-768x543.png 768w, https:\/\/ossskranjcevic.edu.ba\/wp-content\/uploads\/2021\/09\/3-1-1536x1086.png 1536w, https:\/\/ossskranjcevic.edu.ba\/wp-content\/uploads\/2021\/09\/3-1.png 2000w\" sizes=\"auto, (max-width: 1024px) 100vw, 1024px\" \/><\/figure>\n<\/div>\n\n\n<p class=\"wp-embed-aspect-16-9 wp-has-aspect-ratio\"><\/p>\n\n\n\n<p><\/p>\n","protected":false},"excerpt":{"rendered":"<p>POZIV ZA UPIS DJECE U PRVI RAZRED OSNOVNE \u0160KOLE ZA \u0160KOLSKU 2026\/2027. GODINU Detaljnije na: http:\/\/ossskranjcevic.edu.ba\/?page_id=59 POZIV ZA UPIS DJECE U PRVI RAZRED OSNOVNE \u0160KOLE ZA \u0160KOLSKU 2025\/2026. GODINU POZIV ZA UPIS DJECE U PRVI RAZRED OSNOVNE \u0160KOLE ZA \u0160KOLSKU &hellip; <\/p>\n","protected":false},"author":4,"featured_media":0,"parent":0,"menu_order":0,"comment_status":"closed","ping_status":"closed","template":"","meta":{"footnotes":""},"class_list":["post-1366","page","type-page","status-publish","hentry"],"_links":{"self":[{"href":"https:\/\/ossskranjcevic.edu.ba\/index.php?rest_route=\/wp\/v2\/pages\/1366","targetHints":{"allow":["GET"]}}],"collection":[{"href":"https:\/\/ossskranjcevic.edu.ba\/index.php?rest_route=\/wp\/v2\/pages"}],"about":[{"href":"https:\/\/ossskranjcevic.edu.ba\/index.php?rest_route=\/wp\/v2\/types\/page"}],"author":[{"embeddable":true,"href":"https:\/\/ossskranjcevic.edu.ba\/index.php?rest_route=\/wp\/v2\/users\/4"}],"replies":[{"embeddable":true,"href":"https:\/\/ossskranjcevic.edu.ba\/index.php?rest_route=%2Fwp%2Fv2%2Fcomments&post=1366"}],"version-history":[{"count":201,"href":"https:\/\/ossskranjcevic.edu.ba\/index.php?rest_route=\/wp\/v2\/pages\/1366\/revisions"}],"predecessor-version":[{"id":6011,"href":"https:\/\/ossskranjcevic.edu.ba\/index.php?rest_route=\/wp\/v2\/pages\/1366\/revisions\/6011"}],"wp:attachment":[{"href":"https:\/\/ossskranjcevic.edu.ba\/index.php?rest_route=%2Fwp%2Fv2%2Fmedia&parent=1366"}],"curies":[{"name":"wp","href":"https:\/\/api.w.org\/{rel}","templated":true}]}}