{"id":351,"date":"2019-02-21T22:02:22","date_gmt":"2019-02-21T21:02:22","guid":{"rendered":"http:\/\/ossskranjcevic.edu.ba\/?page_id=351"},"modified":"2023-01-20T22:26:16","modified_gmt":"2023-01-20T21:26:16","slug":"historijat","status":"publish","type":"page","link":"https:\/\/ossskranjcevic.edu.ba\/?page_id=351","title":{"rendered":"HISTORIJAT"},"content":{"rendered":"\n<div class=\"wp-block-media-text alignwide is-stacked-on-mobile\"><figure class=\"wp-block-media-text__media\"><img loading=\"lazy\" decoding=\"async\" width=\"454\" height=\"623\" src=\"http:\/\/ossskranjcevic.edu.ba\/wp-content\/uploads\/2023\/01\/16_1.jpg\" alt=\"\" class=\"wp-image-3533 size-full\" srcset=\"https:\/\/ossskranjcevic.edu.ba\/wp-content\/uploads\/2023\/01\/16_1.jpg 454w, https:\/\/ossskranjcevic.edu.ba\/wp-content\/uploads\/2023\/01\/16_1-219x300.jpg 219w\" sizes=\"auto, (max-width: 454px) 100vw, 454px\" \/><\/figure><div class=\"wp-block-media-text__content\">\n<h3 class=\"has-text-align-center wp-block-heading\">Silvije Strahimir Kranj\u010devi\u0107<\/h3>\n\n\n\n<h3 class=\"has-text-align-center wp-block-heading\">(Senj \u2013 Sarajevo)<\/h3>\n\n\n\n<h4 class=\"has-text-align-center wp-block-heading\">1865. \u2013 1908.<\/h4>\n<\/div><\/div>\n\n\n\n<p>   \u0160kola \u201cSilvije Strahimir Kranj\u010devi\u0107\u201d Sarajevo osnovana je daleke 1954.godine pod imenom \u201eDruga osnovna \u0161kola\u201c sa 13 odjeljenja i 16 zaposlenih radnika.<\/p>\n\n\n\n<p>1955. godine prerasta u osmogodi\u0161nju \u0161kolu pod nazivom \u201c 14. osmogodi\u0161nja \u0161kola\u201d. Te godine je imala 21 odjeljenje i 21 zaposlenog radnika sa ukupno 804 u\u010denika. <\/p>\n\n\n\n<p>   Godine 1958. done\u0161ena je odluka da se \u0161kola preimenuje u O\u0160 \u201cSilvije Strahimir Kranj\u010devi\u0107\u201d Sarajevo.\u00a0 Broj u\u010denika se iz\u00a0 godine u godinu pove\u0107avao tako da 1960\/61. godine \u0161kolu poha\u0111a 1800 u\u010denika, raspore\u0111enih u 46 odjeljenja i 60 zaposlenih radnika.<\/p>\n\n\n\n<p>\u0160kolske 1991\/92. godine\n\u0161kolu poha\u0111a 1087 u\u010denika. Iste godine u avgustu, septembru \u0161kolu poha\u0111a 321\nu\u010denik, a nastava je izvo\u0111ena na podru\u010dju 6 Mjesnih zajednica, u podrumima i\nstanovima roditelja u\u010denika.<\/p>\n\n\n\n<p>Roditelji su nam ustupili\nne samo svoj prostor nego i namje\u0161taj kojim su raspolagali, te ogrijev kojeg ni\nsami nisu imali dovoljno, pa i sredstva za \u010di\u0161\u0107enje i vodu za pi\u0107e kojeg tako\u0111e\nnije bilo u dovoljnim koli\u010dinama. \u0160kola je i u takvim uslovima radila svoj\nposao onako kako su uslovi dozvoljavali.<\/p>\n\n\n\n<p>Godine 1997. \u0161kola dobija\nprostor u drugoj zgradi i od tada pa sve do danas \u0161kola radi u objektu koji je\nrekonstruisan i prilago\u0111en za rad javne ustanove. Imaju\u0107i u vidu&nbsp; kroz sve \u0161to je ustanova prolazila zajedno sa\nu\u010denicima i nastavnim osobljem, ona je nastavila tradiciju dobrih rezultata\nkako u nastavi tako i u vannastavnim aktivnostima \u010dime mo\u017eemo biti veoma\nponosni. I pored ovakvih uslova \u0161kola u postratnom periodu nije mjenjala ime.\nZa vi\u0161e od 57 godina njenog postojanja&nbsp;\n\u0161kolu su poha\u0111ale brojne poznate li\u010dnosti iz sporta, kulture, umjetnosti\nknji\u017eevnosti itd. Ovdje \u0107u istaknuti samo neke li\u010dnosti kao \u0161to su: Kemal\nMonteno, Ranko Rihtman, knji\u017eevnik Miljenko Jergovi\u0107, poznati \u0161ahista Ivan\nSokolov, Haris Ba\u0161i\u0107, D\u017eejla Glavovi\u0107 biv\u0161a Miss Planete Zemlje i manekneka,\nglumac Moreno Debartoli, reditelj Ned\u017ead Begovi\u0107, U\u010denik generacije na\u0161e \u0161kole\na danas u\u010denik generacije studenata Scenskih umjetnosti Ena Kurtali\u0107, ugledni\nnovinar Bakir Had\u017eiomerovi\u0107, te djeca poznatih revolucionara D\u017eemala Bijedi\u0107a i\nBranka Mikuli\u0107a i jo\u0161 niz drugih li\u010dnosti iz javnog \u017eivota.<\/p>\n\n\n\n<p>Uspostavili smo dobru\nsaradnju sa bazom EUFOR-a i bilo nam je zadovoljstvo ugostiti na \u0161kolskim\nmanifestacijama generala EUFOR-a Bernharda Baira. Tako\u0111er smo ugostili i&nbsp; praunuku pjesnika Silvija Strahimira\nKranj\u010devi\u0107a Gorku Vuleti\u0107-Mavrinac.<\/p>\n\n\n\n<p>   \u0160kola i danas nastoji da svojim radom zadr\u017ei nivo znanja koje je nekada krasilo i opravda njenu dugogodi\u0161nju postojanost kako dobrim rezultatima u u\u010denju tako i u vannastavnim aktivnostima \u010dime mo\u017eemo biti veoma ponosni. Dugo godina u u\u010deni\u010dkim klupama sjede djeca KJU \u201eDoma bez roditeljskog staranja\u201c Bjleave. Iz ove strukture u\u010denici posti\u017eu zavidne rezultate, a nave\u0161\u0107emo primjer, gdje su ponos generacije bila tri u\u010denika iz KJU \u201eDom bez roditeljskog staranja\u201c . U odgojno obrazovni\u00a0 proces su uklju\u010deni i u\u010denici \u2013 djeca romske nacionalnosti. Vodi se ra\u010duna da se po\u0161tuje pravo djeteta bez obzira na nacionalnu pripadnost i socijalno porijeklo. <\/p>\n","protected":false},"excerpt":{"rendered":"<p>Silvije Strahimir Kranj\u010devi\u0107 (Senj \u2013 Sarajevo) 1865. \u2013 1908. \u0160kola \u201cSilvije Strahimir Kranj\u010devi\u0107\u201d Sarajevo osnovana je daleke 1954.godine pod imenom \u201eDruga osnovna \u0161kola\u201c sa 13 odjeljenja i 16 zaposlenih radnika. 1955. godine prerasta u osmogodi\u0161nju \u0161kolu pod nazivom \u201c 14. &hellip; <\/p>\n","protected":false},"author":2,"featured_media":0,"parent":0,"menu_order":0,"comment_status":"closed","ping_status":"closed","template":"","meta":{"footnotes":""},"class_list":["post-351","page","type-page","status-publish","hentry"],"_links":{"self":[{"href":"https:\/\/ossskranjcevic.edu.ba\/index.php?rest_route=\/wp\/v2\/pages\/351","targetHints":{"allow":["GET"]}}],"collection":[{"href":"https:\/\/ossskranjcevic.edu.ba\/index.php?rest_route=\/wp\/v2\/pages"}],"about":[{"href":"https:\/\/ossskranjcevic.edu.ba\/index.php?rest_route=\/wp\/v2\/types\/page"}],"author":[{"embeddable":true,"href":"https:\/\/ossskranjcevic.edu.ba\/index.php?rest_route=\/wp\/v2\/users\/2"}],"replies":[{"embeddable":true,"href":"https:\/\/ossskranjcevic.edu.ba\/index.php?rest_route=%2Fwp%2Fv2%2Fcomments&post=351"}],"version-history":[{"count":3,"href":"https:\/\/ossskranjcevic.edu.ba\/index.php?rest_route=\/wp\/v2\/pages\/351\/revisions"}],"predecessor-version":[{"id":3535,"href":"https:\/\/ossskranjcevic.edu.ba\/index.php?rest_route=\/wp\/v2\/pages\/351\/revisions\/3535"}],"wp:attachment":[{"href":"https:\/\/ossskranjcevic.edu.ba\/index.php?rest_route=%2Fwp%2Fv2%2Fmedia&parent=351"}],"curies":[{"name":"wp","href":"https:\/\/api.w.org\/{rel}","templated":true}]}}